{"id":250,"date":"2016-01-17T15:52:54","date_gmt":"2016-01-17T14:52:54","guid":{"rendered":"https:\/\/www.onesupervision.fr\/?page_id=250&#038;lang=en"},"modified":"2016-02-26T12:44:10","modified_gmt":"2016-02-26T11:44:10","slug":"who-are-we","status":"publish","type":"page","link":"https:\/\/onesupervision.fr\/en\/who-are-we\/","title":{"rendered":"Who are we ?"},"content":{"rendered":"<p><strong>Nous avons acquis une solide exp\u00e9rience nationale et internationale pour la conception, la r\u00e9alisation de pupitres, rangements, tables, supports pour \u00e9crans et divers \u00e9quipements destin\u00e9s pour l&#8217;am\u00e9nagement de salle de contr\u00f4le\/commande, de salle de supervision, de salle de gestion de crise, etc&#8230;.<\/strong><\/p>\n<p><strong>Nous d\u00e9veloppons nos propres gammes de mobilier technique avec un service de qualit\u00e9<\/strong> et assistons nos clients durant l\u2019\u00e9laboration de leur projet d\u2019am\u00e9nagement d\u2019espace de travail.<\/p>\n<p>Les salles de commande, salle de supervision, PC de s\u00e9curit\u00e9, salle de contr\u00f4le, sont nos domaines de pr\u00e9dilection et nous mettons toujours l\u2019op\u00e9rateur au centre du d\u00e9bat.<\/p>\n<p>L\u2019ergonomie, l\u2019esth\u00e9tique, la fonctionnalit\u00e9 sont les fondements \u00e0 partir desquels nous d\u00e9veloppons continuellement de nouveaux produits.<\/p>\n","protected":false},"excerpt":{"rendered":"<p>Nous avons acquis une solide exp\u00e9rience nationale et internationale pour la conception, la r\u00e9alisation de pupitres, rangements, tables, supports pour \u00e9crans et divers \u00e9quipements destin\u00e9s pour l&#8217;am\u00e9nagement de salle de contr\u00f4le\/commande, de salle de supervision, de salle de gestion de crise, etc&#8230;. Nous d\u00e9veloppons nos propres gammes de mobilier technique avec un service de qualit\u00e9 [&hellip;]<\/p>\n","protected":false},"author":1,"featured_media":0,"parent":0,"menu_order":1,"comment_status":"closed","ping_status":"closed","template":"page-quisommesnous.php","meta":{"_acf_changed":false,"footnotes":""},"class_list":["post-250","page","type-page","status-publish","hentry"],"acf":[],"yoast_head":"<!-- This site is optimized with the Yoast SEO plugin v26.2 - https:\/\/yoast.com\/wordpress\/plugins\/seo\/ -->\n<title>Who are we ? - One Supervision<\/title>\n<meta name=\"robots\" content=\"index, follow, max-snippet:-1, max-image-preview:large, max-video-preview:-1\" \/>\n<link rel=\"canonical\" href=\"https:\/\/onesupervision.fr\/en\/who-are-we\/\" \/>\n<meta property=\"og:locale\" content=\"en_US\" \/>\n<meta property=\"og:type\" content=\"article\" \/>\n<meta property=\"og:title\" content=\"Who are we ? - One Supervision\" \/>\n<meta property=\"og:description\" content=\"Nous avons acquis une solide exp\u00e9rience nationale et internationale pour la conception, la r\u00e9alisation de pupitres, rangements, tables, supports pour \u00e9crans et divers \u00e9quipements destin\u00e9s pour l&#8217;am\u00e9nagement de salle de contr\u00f4le\/commande, de salle de supervision, de salle de gestion de crise, etc&#8230;. Nous d\u00e9veloppons nos propres gammes de mobilier technique avec un service de qualit\u00e9 [&hellip;]\" \/>\n<meta property=\"og:url\" content=\"https:\/\/onesupervision.fr\/en\/who-are-we\/\" \/>\n<meta property=\"og:site_name\" content=\"One Supervision\" \/>\n<meta property=\"article:modified_time\" content=\"2016-02-26T11:44:10+00:00\" \/>\n<meta name=\"twitter:card\" content=\"summary_large_image\" \/>\n<meta name=\"twitter:label1\" content=\"Est. reading time\" \/>\n\t<meta name=\"twitter:data1\" content=\"1 minute\" \/>\n<script type=\"application\/ld+json\" class=\"yoast-schema-graph\">{\"@context\":\"https:\/\/schema.org\",\"@graph\":[{\"@type\":\"WebPage\",\"@id\":\"https:\/\/onesupervision.fr\/en\/who-are-we\/\",\"url\":\"https:\/\/onesupervision.fr\/en\/who-are-we\/\",\"name\":\"Who are we ? - One Supervision\",\"isPartOf\":{\"@id\":\"https:\/\/onesupervision.fr\/#website\"},\"datePublished\":\"2016-01-17T14:52:54+00:00\",\"dateModified\":\"2016-02-26T11:44:10+00:00\",\"breadcrumb\":{\"@id\":\"https:\/\/onesupervision.fr\/en\/who-are-we\/#breadcrumb\"},\"inLanguage\":\"en-US\",\"potentialAction\":[{\"@type\":\"ReadAction\",\"target\":[\"https:\/\/onesupervision.fr\/en\/who-are-we\/\"]}]},{\"@type\":\"BreadcrumbList\",\"@id\":\"https:\/\/onesupervision.fr\/en\/who-are-we\/#breadcrumb\",\"itemListElement\":[{\"@type\":\"ListItem\",\"position\":1,\"name\":\"Accueil\",\"item\":\"https:\/\/onesupervision.fr\/en\/\"},{\"@type\":\"ListItem\",\"position\":2,\"name\":\"Who are we ?\"}]},{\"@type\":\"WebSite\",\"@id\":\"https:\/\/onesupervision.fr\/#website\",\"url\":\"https:\/\/onesupervision.fr\/\",\"name\":\"One Supervision\",\"description\":\"Un site utilisant WordPress\",\"potentialAction\":[{\"@type\":\"SearchAction\",\"target\":{\"@type\":\"EntryPoint\",\"urlTemplate\":\"https:\/\/onesupervision.fr\/?s={search_term_string}\"},\"query-input\":{\"@type\":\"PropertyValueSpecification\",\"valueRequired\":true,\"valueName\":\"search_term_string\"}}],\"inLanguage\":\"en-US\"}]}<\/script>\n<!-- \/ Yoast SEO plugin. -->","yoast_head_json":{"title":"Who are we ? - One Supervision","robots":{"index":"index","follow":"follow","max-snippet":"max-snippet:-1","max-image-preview":"max-image-preview:large","max-video-preview":"max-video-preview:-1"},"canonical":"https:\/\/onesupervision.fr\/en\/who-are-we\/","og_locale":"en_US","og_type":"article","og_title":"Who are we ? - One Supervision","og_description":"Nous avons acquis une solide exp\u00e9rience nationale et internationale pour la conception, la r\u00e9alisation de pupitres, rangements, tables, supports pour \u00e9crans et divers \u00e9quipements destin\u00e9s pour l&#8217;am\u00e9nagement de salle de contr\u00f4le\/commande, de salle de supervision, de salle de gestion de crise, etc&#8230;. Nous d\u00e9veloppons nos propres gammes de mobilier technique avec un service de qualit\u00e9 [&hellip;]","og_url":"https:\/\/onesupervision.fr\/en\/who-are-we\/","og_site_name":"One Supervision","article_modified_time":"2016-02-26T11:44:10+00:00","twitter_card":"summary_large_image","twitter_misc":{"Est. reading time":"1 minute"},"schema":{"@context":"https:\/\/schema.org","@graph":[{"@type":"WebPage","@id":"https:\/\/onesupervision.fr\/en\/who-are-we\/","url":"https:\/\/onesupervision.fr\/en\/who-are-we\/","name":"Who are we ? - One Supervision","isPartOf":{"@id":"https:\/\/onesupervision.fr\/#website"},"datePublished":"2016-01-17T14:52:54+00:00","dateModified":"2016-02-26T11:44:10+00:00","breadcrumb":{"@id":"https:\/\/onesupervision.fr\/en\/who-are-we\/#breadcrumb"},"inLanguage":"en-US","potentialAction":[{"@type":"ReadAction","target":["https:\/\/onesupervision.fr\/en\/who-are-we\/"]}]},{"@type":"BreadcrumbList","@id":"https:\/\/onesupervision.fr\/en\/who-are-we\/#breadcrumb","itemListElement":[{"@type":"ListItem","position":1,"name":"Accueil","item":"https:\/\/onesupervision.fr\/en\/"},{"@type":"ListItem","position":2,"name":"Who are we ?"}]},{"@type":"WebSite","@id":"https:\/\/onesupervision.fr\/#website","url":"https:\/\/onesupervision.fr\/","name":"One Supervision","description":"Un site utilisant WordPress","potentialAction":[{"@type":"SearchAction","target":{"@type":"EntryPoint","urlTemplate":"https:\/\/onesupervision.fr\/?s={search_term_string}"},"query-input":{"@type":"PropertyValueSpecification","valueRequired":true,"valueName":"search_term_string"}}],"inLanguage":"en-US"}]}},"_links":{"self":[{"href":"https:\/\/onesupervision.fr\/en\/wp-json\/wp\/v2\/pages\/250","targetHints":{"allow":["GET"]}}],"collection":[{"href":"https:\/\/onesupervision.fr\/en\/wp-json\/wp\/v2\/pages"}],"about":[{"href":"https:\/\/onesupervision.fr\/en\/wp-json\/wp\/v2\/types\/page"}],"author":[{"embeddable":true,"href":"https:\/\/onesupervision.fr\/en\/wp-json\/wp\/v2\/users\/1"}],"replies":[{"embeddable":true,"href":"https:\/\/onesupervision.fr\/en\/wp-json\/wp\/v2\/comments?post=250"}],"version-history":[{"count":3,"href":"https:\/\/onesupervision.fr\/en\/wp-json\/wp\/v2\/pages\/250\/revisions"}],"predecessor-version":[{"id":437,"href":"https:\/\/onesupervision.fr\/en\/wp-json\/wp\/v2\/pages\/250\/revisions\/437"}],"wp:attachment":[{"href":"https:\/\/onesupervision.fr\/en\/wp-json\/wp\/v2\/media?parent=250"}],"curies":[{"name":"wp","href":"https:\/\/api.w.org\/{rel}","templated":true}]}}